{"id":9,"date":"2016-03-10T07:39:28","date_gmt":"2016-03-10T07:39:28","guid":{"rendered":"http:\/\/ninzio.com\/thebuilders\/?page_id=7"},"modified":"2021-02-27T08:50:51","modified_gmt":"2021-02-27T05:50:51","slug":"home","status":"publish","type":"page","link":"https:\/\/www.ocalhidrolik.com\/","title":{"rendered":"Home"},"content":{"rendered":"<p>[vc_row full_width=&#8221;true&#8221; autoheight=&#8221;true&#8221; background_color=&#8221;#f5f5f5&#8243; padding_top=&#8221;0&#8243; padding_bottom=&#8221;0&#8243; el_class=&#8221;nz-custom-toggle-color&#8221;][vc_column width=&#8221;1\/2&#8243; valign=&#8221;middle&#8221; offset=&#8221;vc_col-lg-6 vc_col-md-12 vc_col-xs-12&#8243;][vc_single_image image=&#8221;7465&#8243; img_size=&#8221;full&#8221; alignment=&#8221;center&#8221;][\/vc_column][vc_column width=&#8221;1\/2&#8243; extra_class=&#8221;.nz-custom-padding-on-desktop&#8221; valign=&#8221;middle&#8221; pl=&#8221;70&#8243; pr=&#8221;70&#8243; pt=&#8221;50&#8243; pb=&#8221;30&#8243; offset=&#8221;vc_col-lg-6 vc_col-md-12 vc_col-xs-12&#8243;][vc_custom_heading text=&#8221;KURUMSAL&#8221; font_container=&#8221;tag:h2|font_size:32px|text_align:left|color:%23333333|line_height:42px&#8221; use_theme_fonts=&#8221;yes&#8221;][vc_column_text]<\/p>\n<p style=\"text-align: justify;\">Firmam\u0131z; hidrolik ve pn\u00f6matik alan\u0131nda m\u00fchendislik \u00e7\u00f6z\u00fcmleri sunmak ve \u00fcr\u00fcn taleplerini kar\u015f\u0131lamak amac\u0131yla kurulmu\u015ftur.<\/p>\n<p style=\"text-align: justify;\">M\u00fc\u015fteri talepleri do\u011frultusunda; yeni sistem tasar\u0131m\u0131 ve projelendirmesi, mevcut sistemlerin revizyonu ve iyile\u015ftirilmesi konular\u0131nda hizmet vermektedir.<\/p>\n<p style=\"text-align: justify;\">Hidrolik ve pn\u00f6matik uygulamalarda kar\u015f\u0131la\u015f\u0131lan sorunlara, alan\u0131nda lider olan d\u00fcnya markalar\u0131yla etkin \u00e7\u00f6z\u00fcmler sunmaktad\u0131r.<\/p>\n<h3 style=\"text-align: justify;\">FAAL\u0130YETLER\u0130M\u0130Z:<\/h3>\n<p style=\"text-align: justify;\"><strong>PROJELEND\u0130RME:<\/strong><\/p>\n<p style=\"text-align: justify;\">Firmam\u0131z a\u011f\u0131rl\u0131kl\u0131 olarak Hidrolik, Pn\u00f6matik ve Merkezi Ya\u011flama Sistemleri konusunda uzmand\u0131r.<\/p>\n<p style=\"text-align: justify;\">Ger\u00e7ekle\u015ftirdi\u011fimiz projeler kapsam\u0131nda Anahtar teslim Hidrolik, Pn\u00f6matik ve Merkezi Ya\u011flama sistemi projeleri \u00fcretmekteyiz.<\/p>\n<p style=\"text-align: justify;\">Saha ke\u015ffi, uygun \u00fcr\u00fcn se\u00e7imleri, saha montaj\u0131, servis, bak\u0131m hizmetleri, ve e\u011fitim deste\u011fi veriyoruz.<\/p>\n<p style=\"text-align: justify;\">Ayr\u0131ca hidrolik tesisat montaj\u0131, tank temizli\u011fi, hidrolik ya\u011f filtrasyonu ve flushing hizmetlerimizde mevcuttur.<\/p>\n<p style=\"text-align: justify;\"><strong>YEDEK PAR\u00c7A TEDAR\u0130K H\u0130ZMETLER\u0130:<\/strong><\/p>\n<p style=\"text-align: justify;\">Bir \u00e7ok Hidrolik-Pn\u00f6matik-Elektronik ve Mekanik ekipman fabrikalar\u0131, tedarik\u00e7ileri ve distrib\u00fct\u00f6rleri ile iyi ili\u015fkiler i\u00e7erisindeyiz.<\/p>\n<p style=\"text-align: justify;\">Malzemelerin tamam\u0131n\u0131n g\u00fcmr\u00fckleme ve sevk prosed\u00fcrleri taraf\u0131m\u0131za aittir DDP olarak malzemeleri kap\u0131n\u0131za teslim ediyoruz.<\/p>\n<p style=\"text-align: justify;\">D\u00fczenli sevklerimizden ve kurumsal yap\u0131m\u0131zdan \u00f6t\u00fcr\u00fc hem zamandan hem de sevk masraflar\u0131ndan tasarruf etme avantaj\u0131n\u0131 siz de\u011ferli m\u00fc\u015fterilerimize sunuyoruz.<\/p>\n<p style=\"text-align: justify;\"><strong>SERV\u0130S VE BAKIM ONARIM\/REV\u0130ZYON H\u0130ZMETLER\u0130:<\/strong><\/p>\n<p style=\"text-align: justify;\">Servis hizmetlerimiz kapsam\u0131nda ar\u0131zal\u0131 pompa, hidrolik silindir ve valfleriniz i\u00e7in at\u00f6lye ortam\u0131nda hasar tespit analizi \u00e7al\u0131\u015fmalar\u0131 yap\u0131yoruz.<\/p>\n<p style=\"text-align: justify;\">Orjinal \u00fcretici d\u00f6k\u00fcmanlar\u0131 ile ar\u0131zal\u0131 pompa ve valflerinizi demonte ederek hasarl\u0131 aksamlar\u0131 tespit ediyoruz.<\/p>\n<p>[\/vc_column_text][\/vc_column][\/vc_row][vc_row background_color=&#8221;#333333&#8243; background_image=&#8221;7010&#8243; background_position=&#8221;Center center&#8221; background_attachment=&#8221;fixed&#8221; padding_top=&#8221;30&#8243; padding_bottom=&#8221;10&#8243; video=&#8221;true&#8221; overlay_pattern=&#8221;14&#8243; css=&#8221;.vc_custom_1614405083186{background-image: url(https:\/\/www.ocalhidrolik.com\/TR\/wp-content\/uploads\/2018\/07\/538493760-612&#215;612.jpg?id=7000) !important;}&#8221;][vc_column][vc_custom_heading text=&#8221;\u00dcR\u00dcNLER &amp; H\u0130ZMETLER&#8221; font_container=&#8221;tag:h2|font_size:30px|text_align:center|color:%23ffffff|line_height:40px&#8221; use_theme_fonts=&#8221;yes&#8221;][\/vc_column][\/vc_row][vc_row background_image=&#8221;7000&#8243; padding_top=&#8221;100&#8243; padding_bottom=&#8221;25&#8243;][vc_column width=&#8221;1\/4&#8243;][vc_single_image image=&#8221;7399&#8243; img_size=&#8221;full&#8221; alignment=&#8221;center&#8221; style=&#8221;vc_box_shadow&#8221;][vc_custom_heading text=&#8221;Hidrolik Ba\u011flant\u0131 Rakorlar\u0131&#8221; font_container=&#8221;tag:h2|font_size:18|text_align:center&#8221; use_theme_fonts=&#8221;yes&#8221;][\/vc_column][vc_column width=&#8221;1\/4&#8243;][vc_single_image image=&#8221;7400&#8243; img_size=&#8221;full&#8221; alignment=&#8221;center&#8221; style=&#8221;vc_box_shadow&#8221;][vc_custom_heading text=&#8221;Hidrolik Aksesuar&#8221; font_container=&#8221;tag:h2|font_size:18|text_align:center&#8221; use_theme_fonts=&#8221;yes&#8221;][\/vc_column][vc_column width=&#8221;1\/4&#8243;][vc_single_image image=&#8221;7417&#8243; img_size=&#8221;full&#8221; alignment=&#8221;center&#8221; style=&#8221;vc_box_shadow&#8221;][vc_custom_heading text=&#8221;Hidrolik Hortum Montaj Makinalar\u0131&#8221; font_container=&#8221;tag:h2|font_size:18|text_align:center&#8221; use_theme_fonts=&#8221;yes&#8221;][\/vc_column][vc_column width=&#8221;1\/4&#8243;][vc_single_image image=&#8221;7419&#8243; img_size=&#8221;full&#8221; alignment=&#8221;center&#8221; style=&#8221;vc_box_shadow&#8221;][vc_custom_heading text=&#8221;Hidrolik Hortum&#8221; font_container=&#8221;tag:h2|font_size:18|text_align:center&#8221; use_theme_fonts=&#8221;yes&#8221;][\/vc_column][\/vc_row]<\/p>\n","protected":false},"excerpt":{"rendered":"<p>Claritas est etiam processus dynamicus, qui sequitur mutationem consuetudium lectorum. Mirum est notare quam littera gothica, quam nunc putamus parum claram, anteposuerit litterarum formas humanitatis per seacula quarta decima et quinta decima. Eodem modo typi, qui nunc nobis videntur parum clari, fiant sollemnes in futurum.<\/p>\n","protected":false},"author":2,"featured_media":0,"parent":0,"menu_order":0,"comment_status":"closed","ping_status":"closed","template":"page-vc.php","meta":[],"_links":{"self":[{"href":"https:\/\/www.ocalhidrolik.com\/index.php\/wp-json\/wp\/v2\/pages\/9"}],"collection":[{"href":"https:\/\/www.ocalhidrolik.com\/index.php\/wp-json\/wp\/v2\/pages"}],"about":[{"href":"https:\/\/www.ocalhidrolik.com\/index.php\/wp-json\/wp\/v2\/types\/page"}],"author":[{"embeddable":true,"href":"https:\/\/www.ocalhidrolik.com\/index.php\/wp-json\/wp\/v2\/users\/2"}],"replies":[{"embeddable":true,"href":"https:\/\/www.ocalhidrolik.com\/index.php\/wp-json\/wp\/v2\/comments?post=9"}],"version-history":[{"count":56,"href":"https:\/\/www.ocalhidrolik.com\/index.php\/wp-json\/wp\/v2\/pages\/9\/revisions"}],"predecessor-version":[{"id":7471,"href":"https:\/\/www.ocalhidrolik.com\/index.php\/wp-json\/wp\/v2\/pages\/9\/revisions\/7471"}],"wp:attachment":[{"href":"https:\/\/www.ocalhidrolik.com\/index.php\/wp-json\/wp\/v2\/media?parent=9"}],"curies":[{"name":"wp","href":"https:\/\/api.w.org\/{rel}","templated":true}]}}