{"id":7046,"date":"2018-08-07T11:21:17","date_gmt":"2018-08-07T08:21:17","guid":{"rendered":"http:\/\/alfatasarim.org\/guneshidrolik\/?page_id=7046"},"modified":"2018-08-07T11:57:21","modified_gmt":"2018-08-07T08:57:21","slug":"uygulama-alanlari","status":"publish","type":"page","link":"https:\/\/www.ocalhidrolik.com\/index.php\/uygulama-alanlari\/","title":{"rendered":"UYGULAMA ALANLARI"},"content":{"rendered":"<p>[vc_row][vc_column width=&#8221;1\/4&#8243;][vc_single_image image=&#8221;7047&#8243; img_size=&#8221;full&#8221; alignment=&#8221;center&#8221; style=&#8221;vc_box_outline&#8221;][vc_custom_heading text=&#8221;Ara\u00e7\u00fcst\u00fc Ekipman&#8221; font_container=&#8221;tag:h2|font_size:22|text_align:center&#8221; google_fonts=&#8221;font_family:Ropa%20Sans%3Aregular%2Citalic|font_style:400%20regular%3A400%3Anormal&#8221;][\/vc_column][vc_column width=&#8221;1\/4&#8243;][vc_single_image image=&#8221;7050&#8243; img_size=&#8221;full&#8221; alignment=&#8221;center&#8221; style=&#8221;vc_box_outline&#8221;][vc_custom_heading text=&#8221;Mobil \u0130\u015f Makinalar\u0131 ve Madencilik&#8221; font_container=&#8221;tag:h2|font_size:22|text_align:center&#8221; google_fonts=&#8221;font_family:Ropa%20Sans%3Aregular%2Citalic|font_style:400%20regular%3A400%3Anormal&#8221;][\/vc_column][vc_column width=&#8221;1\/4&#8243;][vc_single_image image=&#8221;7052&#8243; img_size=&#8221;full&#8221; alignment=&#8221;center&#8221; style=&#8221;vc_box_outline&#8221;][vc_custom_heading text=&#8221;Savunma&#8221; font_container=&#8221;tag:h2|font_size:22|text_align:center&#8221; google_fonts=&#8221;font_family:Ropa%20Sans%3Aregular%2Citalic|font_style:400%20regular%3A400%3Anormal&#8221;][\/vc_column][vc_column width=&#8221;1\/4&#8243;][vc_single_image image=&#8221;7051&#8243; img_size=&#8221;full&#8221; alignment=&#8221;center&#8221; style=&#8221;vc_box_outline&#8221;][vc_custom_heading text=&#8221;Otomotiv&#8221; font_container=&#8221;tag:h2|font_size:22|text_align:center&#8221; google_fonts=&#8221;font_family:Ropa%20Sans%3Aregular%2Citalic|font_style:400%20regular%3A400%3Anormal&#8221;][\/vc_column][\/vc_row][vc_row][vc_column width=&#8221;1\/4&#8243;][vc_single_image image=&#8221;7054&#8243; img_size=&#8221;full&#8221; alignment=&#8221;center&#8221; style=&#8221;vc_box_outline&#8221;][vc_custom_heading text=&#8221;Ula\u015f\u0131m&#8221; font_container=&#8221;tag:h2|font_size:22|text_align:center&#8221; google_fonts=&#8221;font_family:Ropa%20Sans%3Aregular%2Citalic|font_style:400%20regular%3A400%3Anormal&#8221;][\/vc_column][vc_column width=&#8221;1\/4&#8243;][vc_single_image image=&#8221;7053&#8243; img_size=&#8221;full&#8221; alignment=&#8221;center&#8221; style=&#8221;vc_box_outline&#8221;][vc_custom_heading text=&#8221;Tar\u0131m&#8221; font_container=&#8221;tag:h2|font_size:22|text_align:center&#8221; google_fonts=&#8221;font_family:Ropa%20Sans%3Aregular%2Citalic|font_style:400%20regular%3A400%3Anormal&#8221;][\/vc_column][vc_column width=&#8221;1\/4&#8243;][vc_single_image image=&#8221;7049&#8243; img_size=&#8221;full&#8221; alignment=&#8221;center&#8221; style=&#8221;vc_box_outline&#8221;][vc_custom_heading text=&#8221;\u0130n\u015faat&#8221; font_container=&#8221;tag:h2|font_size:22|text_align:center&#8221; google_fonts=&#8221;font_family:Ropa%20Sans%3Aregular%2Citalic|font_style:400%20regular%3A400%3Anormal&#8221;][\/vc_column][vc_column width=&#8221;1\/4&#8243;][vc_single_image image=&#8221;7048&#8243; img_size=&#8221;full&#8221; alignment=&#8221;center&#8221; style=&#8221;vc_box_outline&#8221;][vc_custom_heading text=&#8221;Demir \u00c7elik&#8221; font_container=&#8221;tag:h2|font_size:22|text_align:center&#8221; google_fonts=&#8221;font_family:Ropa%20Sans%3Aregular%2Citalic|font_style:400%20regular%3A400%3Anormal&#8221;][\/vc_column][\/vc_row]<\/p>\n","protected":false},"excerpt":{"rendered":"<p>[vc_row][vc_column width=&#8221;1\/4&#8243;][vc_single_image image=&#8221;7047&#8243; img_size=&#8221;full&#8221; alignment=&#8221;center&#8221; style=&#8221;vc_box_outline&#8221;][vc_custom_heading text=&#8221;Ara\u00e7\u00fcst\u00fc Ekipman&#8221; font_container=&#8221;tag:h2|font_size:22|text_align:center&#8221; google_fonts=&#8221;font_family:Ropa%20Sans%3Aregular%2Citalic|font_style:400%20regular%3A400%3Anormal&#8221;][\/vc_column][vc_column width=&#8221;1\/4&#8243;][vc_single_image image=&#8221;7050&#8243; img_size=&#8221;full&#8221; alignment=&#8221;center&#8221; style=&#8221;vc_box_outline&#8221;][vc_custom_heading text=&#8221;Mobil \u0130\u015f Makinalar\u0131 ve Madencilik&#8221; font_container=&#8221;tag:h2|font_size:22|text_align:center&#8221; google_fonts=&#8221;font_family:Ropa%20Sans%3Aregular%2Citalic|font_style:400%20regular%3A400%3Anormal&#8221;][\/vc_column][vc_column width=&#8221;1\/4&#8243;][vc_single_image image=&#8221;7052&#8243; img_size=&#8221;full&#8221; alignment=&#8221;center&#8221; style=&#8221;vc_box_outline&#8221;][vc_custom_heading text=&#8221;Savunma&#8221; font_container=&#8221;tag:h2|font_size:22|text_align:center&#8221; google_fonts=&#8221;font_family:Ropa%20Sans%3Aregular%2Citalic|font_style:400%20regular%3A400%3Anormal&#8221;][\/vc_column][vc_column width=&#8221;1\/4&#8243;][vc_single_image image=&#8221;7051&#8243; img_size=&#8221;full&#8221; alignment=&#8221;center&#8221; style=&#8221;vc_box_outline&#8221;][vc_custom_heading text=&#8221;Otomotiv&#8221; font_container=&#8221;tag:h2|font_size:22|text_align:center&#8221; google_fonts=&#8221;font_family:Ropa%20Sans%3Aregular%2Citalic|font_style:400%20regular%3A400%3Anormal&#8221;][\/vc_column][\/vc_row][vc_row][vc_column width=&#8221;1\/4&#8243;][vc_single_image image=&#8221;7054&#8243; img_size=&#8221;full&#8221; alignment=&#8221;center&#8221; style=&#8221;vc_box_outline&#8221;][vc_custom_heading text=&#8221;Ula\u015f\u0131m&#8221; font_container=&#8221;tag:h2|font_size:22|text_align:center&#8221; google_fonts=&#8221;font_family:Ropa%20Sans%3Aregular%2Citalic|font_style:400%20regular%3A400%3Anormal&#8221;][\/vc_column][vc_column width=&#8221;1\/4&#8243;][vc_single_image image=&#8221;7053&#8243; img_size=&#8221;full&#8221; alignment=&#8221;center&#8221; style=&#8221;vc_box_outline&#8221;][vc_custom_heading text=&#8221;Tar\u0131m&#8221; font_container=&#8221;tag:h2|font_size:22|text_align:center&#8221; google_fonts=&#8221;font_family:Ropa%20Sans%3Aregular%2Citalic|font_style:400%20regular%3A400%3Anormal&#8221;][\/vc_column][vc_column width=&#8221;1\/4&#8243;][vc_single_image [&hellip;]<\/p>\n","protected":false},"author":2,"featured_media":0,"parent":0,"menu_order":0,"comment_status":"closed","ping_status":"closed","template":"","meta":[],"_links":{"self":[{"href":"https:\/\/www.ocalhidrolik.com\/index.php\/wp-json\/wp\/v2\/pages\/7046"}],"collection":[{"href":"https:\/\/www.ocalhidrolik.com\/index.php\/wp-json\/wp\/v2\/pages"}],"about":[{"href":"https:\/\/www.ocalhidrolik.com\/index.php\/wp-json\/wp\/v2\/types\/page"}],"author":[{"embeddable":true,"href":"https:\/\/www.ocalhidrolik.com\/index.php\/wp-json\/wp\/v2\/users\/2"}],"replies":[{"embeddable":true,"href":"https:\/\/www.ocalhidrolik.com\/index.php\/wp-json\/wp\/v2\/comments?post=7046"}],"version-history":[{"count":5,"href":"https:\/\/www.ocalhidrolik.com\/index.php\/wp-json\/wp\/v2\/pages\/7046\/revisions"}],"predecessor-version":[{"id":7059,"href":"https:\/\/www.ocalhidrolik.com\/index.php\/wp-json\/wp\/v2\/pages\/7046\/revisions\/7059"}],"wp:attachment":[{"href":"https:\/\/www.ocalhidrolik.com\/index.php\/wp-json\/wp\/v2\/media?parent=7046"}],"curies":[{"name":"wp","href":"https:\/\/api.w.org\/{rel}","templated":true}]}}